{"id":49727,"date":"2024-12-12T20:00:35","date_gmt":"2024-12-13T02:00:35","guid":{"rendered":"https:\/\/staging649.coserv.com\/contacto\/"},"modified":"2026-01-19T18:36:00","modified_gmt":"2026-01-20T00:36:00","slug":"contacto","status":"publish","type":"page","link":"https:\/\/staging649.coserv.com\/es\/contacto\/","title":{"rendered":"Contacto"},"content":{"rendered":"\n<h1>\n\t\t\t\u00bfNecesitas ayuda? Cont\u00e1ctenos \t<\/h1>\n\t<p>Los especialistas en atenci\u00f3n al cliente est\u00e1n disponibles de lunes a viernes, de 8.00 a 17.00 horas. En momentos de gran volumen, es posible que el chat no est\u00e9 disponible temporalmente. <\/p>\n<h3>\n\t\t<a href=\"https:\/\/support.coserv.com\/hc\/en-us\/requests\/new\" title=\"Env\u00edenos un correo electr\u00f3nico\"  target=\"_self\">\n\t\t\tEnv\u00edenos un correo electr\u00f3nico\t\t<\/a>\n\t<\/h3>\n\t<p><a href=\"https:\/\/support.coserv.com\/hc\/en-us\/requests\/new\" target=\"_self\">contact@coserv.com<\/a><\/p>\n<h3>\n\t\t<a href=\"tel:1-940-321-7800\" title=\"Ll\u00e1menos\"  target=\"_self\">\n\t\t\tLl\u00e1menos\t\t<\/a>\n\t<\/h3>\n\t<p><a href=\"tel:1-940-321-7800\">940-321-7800<\/a><\/p>\n<h3>\n\t\t<a href=\"#\" title=\"Chatea con nosotros\"  target=\"_self\">\n\t\t\tChatea con nosotros\t\t<\/a>\n\t<\/h3>\n\t<p><a href=\"#\">Utilice el siguiente cuadro de ayuda<\/a><\/p>\n\t<p>Direcci\u00f3n de pago: PO Box 734803, Dallas, TX 75373-4803<\/p>\n<p><strong>Pague por tel\u00e9fono las 24 horas del d\u00eda, los 7 d\u00edas de la semana.:<\/strong> <a href=\"tel:1-855-938-3496\">855-938-3496<\/a> (<em>English and Espa\u00f1ol<\/em>)<\/p>\n<p>Para informar de l\u00edneas el\u00e9ctricas ca\u00eddas y otras emergencias el\u00e9ctricas, llame al <a href=\"tel:1-855-938-3496\">855-938-3496<\/a>, o <a href=\"https:\/\/coserv.smarthub.coop\/#reportanissue:\">informe en l\u00ednea a trav\u00e9s de su cuenta SmartHub<\/a>.<\/p>\n<p>To report a gas leak or <strong>gas-related emergency<\/strong>, <a href=\"tel:911\">call 911<\/a> and <a href=\"tel:1-844-330-0763\">844-330-0763<\/a>.<\/p>\n\t<p>If you smell gas, leave the area immediately and, once you&#8217;re a safe distance away,\u00a0<a href=\"tel:911\"><strong>call 911<\/strong><\/a> and <strong>CoServ Gas<\/strong> at <strong><a href=\"tel:1-844-330-0763\">844-330-0763<\/a><\/strong>.<\/p>\n<h2>\n\t\t\tBest Times to Call CoServ\t<\/h2>\n<figure itemscope itemtype=\"https:\/\/schema.org\/ImageObject\">\n\t\t\t\t<img decoding=\"async\" src=\"https:\/\/staging649.coserv.com\/wp-content\/uploads\/2025\/01\/01-03-2025_img_CoServ-Best-Call-Times.jpg\" alt=\"\" height=\"421\" width=\"1067\" onerror=\"this.style.display='none'\" loading=\"lazy\" \/>\n\t<\/figure>\n\t\t\t<a href=\"https:\/\/coserv.smarthub.coop\/Login.html\" target=\"_self\">\n\t\t\t\t\t\t\tReportar un apag\u00f3n\n\t\t\t\t\t<\/a>\n\t\t\t<a href=\"https:\/\/support.coserv.com\/hc\/en-us\/requests\/new?ticket_form_id=360000597833\" target=\"_self\">\n\t\t\t\t\t\t\tPeligro no urgente\n\t\t\t\t\t<\/a>\n\n","protected":false},"excerpt":{"rendered":"<p>\u00bfNecesitas ayuda? Cont\u00e1ctenos Los especialistas en atenci\u00f3n al cliente est\u00e1n disponibles de lunes a viernes, de 8.00 a 17.00 horas. En momentos de gran volumen, es posible que el chat no est\u00e9 disponible temporalmente. Env\u00edenos un correo electr\u00f3nico contact@coserv.com Ll\u00e1menos 940-321-7800 Chatea con nosotros Utilice el siguiente cuadro de ayuda Direcci\u00f3n de pago: PO Box&hellip;<\/p>\n","protected":false},"author":3,"featured_media":0,"parent":0,"menu_order":93,"comment_status":"closed","ping_status":"closed","template":"","meta":{"_acf_changed":false,"_relevanssi_hide_post":"","_relevanssi_hide_content":"","_relevanssi_pin_for_all":"","_relevanssi_pin_keywords":"","_relevanssi_unpin_keywords":"","_relevanssi_related_keywords":"","_relevanssi_related_include_ids":"","_relevanssi_related_exclude_ids":"","_relevanssi_related_no_append":"","_relevanssi_related_not_related":"","_relevanssi_related_posts":"","_relevanssi_noindex_reason":"","footnotes":""},"class_list":["post-49727","page","type-page","status-publish","hentry"],"acf":[],"yoast_head":"<!-- This site is optimized with the Yoast SEO Premium plugin v25.2 (Yoast SEO v27.3) - https:\/\/yoast.com\/product\/yoast-seo-premium-wordpress\/ -->\n<title>Contacto - CoServ.com<\/title>\n<meta name=\"description\" content=\"\u00bfNecesitas ayuda? Los especialistas en atenci\u00f3n al cliente est\u00e1n a su disposici\u00f3n de lunes a viernes, de 8 a 17 horas. Visite esta p\u00e1gina para consultar las opciones de tel\u00e9fono, correo electr\u00f3nico y chat.\" \/>\n<meta name=\"robots\" content=\"noindex, follow, max-snippet:-1, max-image-preview:large, max-video-preview:-1\" \/>\n<meta property=\"og:locale\" content=\"es_ES\" \/>\n<meta property=\"og:type\" content=\"article\" \/>\n<meta property=\"og:title\" content=\"Contacto\" \/>\n<meta property=\"og:description\" content=\"\u00bfNecesitas ayuda? Los especialistas en atenci\u00f3n al cliente est\u00e1n a su disposici\u00f3n de lunes a viernes, de 8 a 17 horas. Visite esta p\u00e1gina para consultar las opciones de tel\u00e9fono, correo electr\u00f3nico y chat.\" \/>\n<meta property=\"og:url\" content=\"https:\/\/staging649.coserv.com\/es\/contacto\/\" \/>\n<meta property=\"og:site_name\" content=\"CoServ.com\" \/>\n<meta property=\"article:publisher\" content=\"https:\/\/www.facebook.com\/coservenergy\" \/>\n<meta property=\"article:modified_time\" content=\"2026-01-20T00:36:00+00:00\" \/>\n<meta property=\"og:image\" content=\"https:\/\/staging649.coserv.com\/wp-content\/uploads\/2025\/01\/01-03-2025_img_CoServ-Best-Call-Times.jpg\" \/>\n<meta name=\"twitter:card\" content=\"summary_large_image\" \/>\n<meta name=\"twitter:site\" content=\"@CoServ\" \/>\n<meta name=\"twitter:label1\" content=\"Tiempo de lectura\" \/>\n\t<meta name=\"twitter:data1\" content=\"1 minuto\" \/>\n<script type=\"application\/ld+json\" class=\"yoast-schema-graph\">{\"@context\":\"https:\\\/\\\/schema.org\",\"@graph\":[{\"@type\":\"WebPage\",\"@id\":\"https:\\\/\\\/staging649.coserv.com\\\/es\\\/contacto\\\/\",\"url\":\"https:\\\/\\\/staging649.coserv.com\\\/es\\\/contacto\\\/\",\"name\":\"Contacto - CoServ.com\",\"isPartOf\":{\"@id\":\"https:\\\/\\\/staging649.coserv.com\\\/es\\\/#website\"},\"primaryImageOfPage\":{\"@id\":\"https:\\\/\\\/staging649.coserv.com\\\/es\\\/contacto\\\/#primaryimage\"},\"image\":{\"@id\":\"https:\\\/\\\/staging649.coserv.com\\\/es\\\/contacto\\\/#primaryimage\"},\"thumbnailUrl\":\"https:\\\/\\\/staging649.coserv.com\\\/wp-content\\\/uploads\\\/2025\\\/01\\\/01-03-2025_img_CoServ-Best-Call-Times.jpg\",\"datePublished\":\"2024-12-13T02:00:35+00:00\",\"dateModified\":\"2026-01-20T00:36:00+00:00\",\"description\":\"\u00bfNecesitas ayuda? Los especialistas en atenci\u00f3n al cliente est\u00e1n a su disposici\u00f3n de lunes a viernes, de 8 a 17 horas. Visite esta p\u00e1gina para consultar las opciones de tel\u00e9fono, correo electr\u00f3nico y chat.\",\"breadcrumb\":{\"@id\":\"https:\\\/\\\/staging649.coserv.com\\\/es\\\/contacto\\\/#breadcrumb\"},\"inLanguage\":\"es\",\"potentialAction\":[{\"@type\":\"ReadAction\",\"target\":[\"https:\\\/\\\/staging649.coserv.com\\\/es\\\/contacto\\\/\"]}]},{\"@type\":\"ImageObject\",\"inLanguage\":\"es\",\"@id\":\"https:\\\/\\\/staging649.coserv.com\\\/es\\\/contacto\\\/#primaryimage\",\"url\":\"https:\\\/\\\/staging649.coserv.com\\\/wp-content\\\/uploads\\\/2025\\\/01\\\/01-03-2025_img_CoServ-Best-Call-Times.jpg\",\"contentUrl\":\"https:\\\/\\\/staging649.coserv.com\\\/wp-content\\\/uploads\\\/2025\\\/01\\\/01-03-2025_img_CoServ-Best-Call-Times.jpg\"},{\"@type\":\"BreadcrumbList\",\"@id\":\"https:\\\/\\\/staging649.coserv.com\\\/es\\\/contacto\\\/#breadcrumb\",\"itemListElement\":[{\"@type\":\"ListItem\",\"position\":1,\"name\":\"Home\",\"item\":\"https:\\\/\\\/staging649.coserv.com\\\/es\\\/hogar\\\/\"},{\"@type\":\"ListItem\",\"position\":2,\"name\":\"Contacto\"}]},{\"@type\":\"WebSite\",\"@id\":\"https:\\\/\\\/staging649.coserv.com\\\/es\\\/#website\",\"url\":\"https:\\\/\\\/staging649.coserv.com\\\/es\\\/\",\"name\":\"CoServ.com\",\"description\":\"CoServ\",\"potentialAction\":[{\"@type\":\"SearchAction\",\"target\":{\"@type\":\"EntryPoint\",\"urlTemplate\":\"https:\\\/\\\/staging649.coserv.com\\\/es\\\/?s={search_term_string}\"},\"query-input\":{\"@type\":\"PropertyValueSpecification\",\"valueRequired\":true,\"valueName\":\"search_term_string\"}}],\"inLanguage\":\"es\"}]}<\/script>\n<!-- \/ Yoast SEO Premium plugin. -->","yoast_head_json":{"title":"Contacto - CoServ.com","description":"\u00bfNecesitas ayuda? Los especialistas en atenci\u00f3n al cliente est\u00e1n a su disposici\u00f3n de lunes a viernes, de 8 a 17 horas. Visite esta p\u00e1gina para consultar las opciones de tel\u00e9fono, correo electr\u00f3nico y chat.","robots":{"index":"noindex","follow":"follow","max-snippet":"max-snippet:-1","max-image-preview":"max-image-preview:large","max-video-preview":"max-video-preview:-1"},"og_locale":"es_ES","og_type":"article","og_title":"Contacto","og_description":"\u00bfNecesitas ayuda? Los especialistas en atenci\u00f3n al cliente est\u00e1n a su disposici\u00f3n de lunes a viernes, de 8 a 17 horas. Visite esta p\u00e1gina para consultar las opciones de tel\u00e9fono, correo electr\u00f3nico y chat.","og_url":"https:\/\/staging649.coserv.com\/es\/contacto\/","og_site_name":"CoServ.com","article_publisher":"https:\/\/www.facebook.com\/coservenergy","article_modified_time":"2026-01-20T00:36:00+00:00","og_image":[{"url":"https:\/\/staging649.coserv.com\/wp-content\/uploads\/2025\/01\/01-03-2025_img_CoServ-Best-Call-Times.jpg","type":"","width":"","height":""}],"twitter_card":"summary_large_image","twitter_site":"@CoServ","twitter_misc":{"Tiempo de lectura":"1 minuto"},"schema":{"@context":"https:\/\/schema.org","@graph":[{"@type":"WebPage","@id":"https:\/\/staging649.coserv.com\/es\/contacto\/","url":"https:\/\/staging649.coserv.com\/es\/contacto\/","name":"Contacto - CoServ.com","isPartOf":{"@id":"https:\/\/staging649.coserv.com\/es\/#website"},"primaryImageOfPage":{"@id":"https:\/\/staging649.coserv.com\/es\/contacto\/#primaryimage"},"image":{"@id":"https:\/\/staging649.coserv.com\/es\/contacto\/#primaryimage"},"thumbnailUrl":"https:\/\/staging649.coserv.com\/wp-content\/uploads\/2025\/01\/01-03-2025_img_CoServ-Best-Call-Times.jpg","datePublished":"2024-12-13T02:00:35+00:00","dateModified":"2026-01-20T00:36:00+00:00","description":"\u00bfNecesitas ayuda? Los especialistas en atenci\u00f3n al cliente est\u00e1n a su disposici\u00f3n de lunes a viernes, de 8 a 17 horas. Visite esta p\u00e1gina para consultar las opciones de tel\u00e9fono, correo electr\u00f3nico y chat.","breadcrumb":{"@id":"https:\/\/staging649.coserv.com\/es\/contacto\/#breadcrumb"},"inLanguage":"es","potentialAction":[{"@type":"ReadAction","target":["https:\/\/staging649.coserv.com\/es\/contacto\/"]}]},{"@type":"ImageObject","inLanguage":"es","@id":"https:\/\/staging649.coserv.com\/es\/contacto\/#primaryimage","url":"https:\/\/staging649.coserv.com\/wp-content\/uploads\/2025\/01\/01-03-2025_img_CoServ-Best-Call-Times.jpg","contentUrl":"https:\/\/staging649.coserv.com\/wp-content\/uploads\/2025\/01\/01-03-2025_img_CoServ-Best-Call-Times.jpg"},{"@type":"BreadcrumbList","@id":"https:\/\/staging649.coserv.com\/es\/contacto\/#breadcrumb","itemListElement":[{"@type":"ListItem","position":1,"name":"Home","item":"https:\/\/staging649.coserv.com\/es\/hogar\/"},{"@type":"ListItem","position":2,"name":"Contacto"}]},{"@type":"WebSite","@id":"https:\/\/staging649.coserv.com\/es\/#website","url":"https:\/\/staging649.coserv.com\/es\/","name":"CoServ.com","description":"CoServ","potentialAction":[{"@type":"SearchAction","target":{"@type":"EntryPoint","urlTemplate":"https:\/\/staging649.coserv.com\/es\/?s={search_term_string}"},"query-input":{"@type":"PropertyValueSpecification","valueRequired":true,"valueName":"search_term_string"}}],"inLanguage":"es"}]}},"publishpress_future_action":{"enabled":false,"date":"2026-04-16 07:52:52","action":"change-status","newStatus":"draft","terms":[],"taxonomy":"translation_priority","extraData":[]},"publishpress_future_workflow_manual_trigger":{"enabledWorkflows":[]},"_links":{"self":[{"href":"https:\/\/staging649.coserv.com\/es\/wp-json\/wp\/v2\/pages\/49727","targetHints":{"allow":["GET"]}}],"collection":[{"href":"https:\/\/staging649.coserv.com\/es\/wp-json\/wp\/v2\/pages"}],"about":[{"href":"https:\/\/staging649.coserv.com\/es\/wp-json\/wp\/v2\/types\/page"}],"author":[{"embeddable":true,"href":"https:\/\/staging649.coserv.com\/es\/wp-json\/wp\/v2\/users\/3"}],"replies":[{"embeddable":true,"href":"https:\/\/staging649.coserv.com\/es\/wp-json\/wp\/v2\/comments?post=49727"}],"version-history":[{"count":0,"href":"https:\/\/staging649.coserv.com\/es\/wp-json\/wp\/v2\/pages\/49727\/revisions"}],"wp:attachment":[{"href":"https:\/\/staging649.coserv.com\/es\/wp-json\/wp\/v2\/media?parent=49727"}],"curies":[{"name":"wp","href":"https:\/\/api.w.org\/{rel}","templated":true}]}}